{"id":42,"date":"2023-04-03T08:40:45","date_gmt":"2023-04-03T08:40:45","guid":{"rendered":"https:\/\/juedischer-kulturtag.ch\/?page_id=42"},"modified":"2024-07-08T13:16:59","modified_gmt":"2024-07-08T13:16:59","slug":"kulturtag","status":"publish","type":"page","link":"https:\/\/juedischer-kulturtag.ch\/","title":{"rendered":"Der europ\u00e4ische Tag der j\u00fcdischen Kultur"},"content":{"rendered":"\n<p>Der europ\u00e4ische Tag der j\u00fcdischen Kultur der Schweiz stellt das Judentum in seinen unterschiedlichen Facetten dar.  St\u00e4dte und Regionen vermitteln einem breiten Publikum lokale Eigenheiten. Neue j\u00fcdische Erz\u00e4hlungen entstehen.<\/p>\n\n\n\n<p>Gegr\u00fcndet wurde der j\u00fcdische Kulturtag Schweiz im Jahr 2000. Er hat sich seither zur festen Gr\u00f6sse etabliert, mit Angeboten von 15 Partnern in neun St\u00e4dten und Ortschaften: Baden, Basel, Hegenheim (Frankreich), Bern, Del\u00e9mont, Endingen und Lengnau, Gen\u00e8ve, Lausanne und Z\u00fcrich. J\u00e4hrlich nehmen mehrere Tausend Besucher:innen an den Veranstaltungen teil.<\/p>\n\n\n\n<p>Initiatorin und Programmleiterin ist Nadia Guth Biasini. Ausf\u00fchrende Institution ist das J\u00fcdische Museum der Schweiz.<\/p>\n\n\n\n<figure class=\"wp-block-image size-large is-resized\"><img loading=\"lazy\" decoding=\"async\" width=\"1024\" height=\"683\" src=\"https:\/\/juedischer-kulturtag.ch\/wp-content\/uploads\/2024\/07\/2023_09_03_ETJK_1-1024x683.jpg\" alt=\"\" class=\"wp-image-388\" style=\"width:661px;height:auto\" srcset=\"https:\/\/juedischer-kulturtag.ch\/wp-content\/uploads\/2024\/07\/2023_09_03_ETJK_1-1024x683.jpg 1024w, https:\/\/juedischer-kulturtag.ch\/wp-content\/uploads\/2024\/07\/2023_09_03_ETJK_1-300x200.jpg 300w, https:\/\/juedischer-kulturtag.ch\/wp-content\/uploads\/2024\/07\/2023_09_03_ETJK_1-768x512.jpg 768w, https:\/\/juedischer-kulturtag.ch\/wp-content\/uploads\/2024\/07\/2023_09_03_ETJK_1-1536x1024.jpg 1536w, https:\/\/juedischer-kulturtag.ch\/wp-content\/uploads\/2024\/07\/2023_09_03_ETJK_1-2048x1365.jpg 2048w\" sizes=\"auto, (max-width: 767px) 89vw, (max-width: 1000px) 54vw, (max-width: 1071px) 543px, 580px\" \/><\/figure>\n","protected":false},"excerpt":{"rendered":"<p>Der europ\u00e4ische Tag der j\u00fcdischen Kultur der Schweiz stellt das Judentum in seinen unterschiedlichen Facetten dar. St\u00e4dte und Regionen vermitteln einem breiten Publikum lokale Eigenheiten. Neue j\u00fcdische Erz\u00e4hlungen entstehen. Gegr\u00fcndet wurde der j\u00fcdische Kulturtag Schweiz im Jahr 2000. Er hat sich seither zur festen Gr\u00f6sse etabliert, mit Angeboten von 15 Partnern in neun St\u00e4dten und &hellip; <\/p>\n<p class=\"link-more\"><a href=\"https:\/\/juedischer-kulturtag.ch\/\" class=\"more-link\"><span class=\"screen-reader-text\">\u201eDer europ\u00e4ische Tag der j\u00fcdischen Kultur\u201c <\/span>weiterlesen<\/a><\/p>\n","protected":false},"author":3,"featured_media":0,"parent":0,"menu_order":0,"comment_status":"closed","ping_status":"closed","template":"","meta":{"om_disable_all_campaigns":false,"_monsterinsights_skip_tracking":false,"_monsterinsights_sitenote_active":false,"_monsterinsights_sitenote_note":"","_monsterinsights_sitenote_category":0,"_uf_show_specific_survey":0,"_uf_disable_surveys":false,"footnotes":""},"class_list":["post-42","page","type-page","status-publish","hentry"],"aioseo_notices":[],"_links":{"self":[{"href":"https:\/\/juedischer-kulturtag.ch\/index.php?rest_route=\/wp\/v2\/pages\/42","targetHints":{"allow":["GET"]}}],"collection":[{"href":"https:\/\/juedischer-kulturtag.ch\/index.php?rest_route=\/wp\/v2\/pages"}],"about":[{"href":"https:\/\/juedischer-kulturtag.ch\/index.php?rest_route=\/wp\/v2\/types\/page"}],"author":[{"embeddable":true,"href":"https:\/\/juedischer-kulturtag.ch\/index.php?rest_route=\/wp\/v2\/users\/3"}],"replies":[{"embeddable":true,"href":"https:\/\/juedischer-kulturtag.ch\/index.php?rest_route=%2Fwp%2Fv2%2Fcomments&post=42"}],"version-history":[{"count":13,"href":"https:\/\/juedischer-kulturtag.ch\/index.php?rest_route=\/wp\/v2\/pages\/42\/revisions"}],"predecessor-version":[{"id":390,"href":"https:\/\/juedischer-kulturtag.ch\/index.php?rest_route=\/wp\/v2\/pages\/42\/revisions\/390"}],"wp:attachment":[{"href":"https:\/\/juedischer-kulturtag.ch\/index.php?rest_route=%2Fwp%2Fv2%2Fmedia&parent=42"}],"curies":[{"name":"wp","href":"https:\/\/api.w.org\/{rel}","templated":true}]}}